{"id":1321,"date":"2026-03-21T23:34:34","date_gmt":"2026-03-21T22:34:34","guid":{"rendered":"https:\/\/coopseu.com.ar\/wp\/?page_id=1321"},"modified":"2026-04-16T22:14:06","modified_gmt":"2026-04-16T20:14:06","slug":"agua-corriente","status":"publish","type":"page","link":"https:\/\/coopseu.com.ar\/wp\/agua-corriente\/","title":{"rendered":"Agua Corriente"},"content":{"rendered":"\n<p><\/p>\n\n\n\n<p>En 1936 el intendente municipal Dr. Pierangelli Vera construye la primer red de agua<br>junto con el tanque elevado de la municipalidad, lo cual logr\u00f3 dar servicio a la<br>poblaci\u00f3n hasta 1985, donde la red ya hab\u00eda quedado muy chica y no lograba abastecer<br>a la creciente poblaci\u00f3n. Es por eso que a partir de este a\u00f1o, se hace cargo del servicio la<br>Cooperativa y por medio de un cr\u00e9dito construye una red totalmente nueva y dise\u00f1ada<br>para que pueda durar muchos a\u00f1os m\u00e1s. <\/p>\n\n\n\n<p>Con la construcci\u00f3n de la red se realiza una<br>cisterna para almacenamiento de agua y un sistema de bombeo para mantener la presi\u00f3n<br>estable y llegar con buen caudal a toda la poblaci\u00f3n.<br><\/p>\n\n\n\n<p>Desde la primer red hasta el a\u00f1o 2012, el agua proven\u00eda de tres surgentes que estaban<br>distribuidos en la localidad. En este a\u00f1o se conecta el acueducto proveniente de Villa<br>Mar\u00eda y se comienza a brindar agua desde este acu\u00edfero, lo que mejora sustancialmente<br>la calidad del agua brindada.<\/p>\n\n\n\n<figure class=\"wp-block-gallery has-nested-images columns-default is-cropped wp-block-gallery-1 is-layout-flex wp-block-gallery-is-layout-flex\">\n<figure class=\"wp-block-image size-large\"><img loading=\"lazy\" decoding=\"async\" width=\"1024\" height=\"576\" data-id=\"1400\" src=\"https:\/\/coopseu.com.ar\/wp\/wp-content\/uploads\/2026\/04\/28-Dia-del-Agua-Mural-1024x576.jpg\" alt=\"\" class=\"wp-image-1400\" srcset=\"https:\/\/coopseu.com.ar\/wp\/wp-content\/uploads\/2026\/04\/28-Dia-del-Agua-Mural-1024x576.jpg 1024w, https:\/\/coopseu.com.ar\/wp\/wp-content\/uploads\/2026\/04\/28-Dia-del-Agua-Mural-300x169.jpg 300w, https:\/\/coopseu.com.ar\/wp\/wp-content\/uploads\/2026\/04\/28-Dia-del-Agua-Mural-768x432.jpg 768w, https:\/\/coopseu.com.ar\/wp\/wp-content\/uploads\/2026\/04\/28-Dia-del-Agua-Mural-1536x864.jpg 1536w, https:\/\/coopseu.com.ar\/wp\/wp-content\/uploads\/2026\/04\/28-Dia-del-Agua-Mural.jpg 1920w\" sizes=\"auto, (max-width: 1024px) 100vw, 1024px\" \/><\/figure>\n\n\n\n<figure class=\"wp-block-image size-large\"><img loading=\"lazy\" decoding=\"async\" width=\"1024\" height=\"685\" data-id=\"1401\" src=\"https:\/\/coopseu.com.ar\/wp\/wp-content\/uploads\/2026\/04\/Agua-2-1024x685.jpg\" alt=\"\" class=\"wp-image-1401\" srcset=\"https:\/\/coopseu.com.ar\/wp\/wp-content\/uploads\/2026\/04\/Agua-2-1024x685.jpg 1024w, https:\/\/coopseu.com.ar\/wp\/wp-content\/uploads\/2026\/04\/Agua-2-300x201.jpg 300w, https:\/\/coopseu.com.ar\/wp\/wp-content\/uploads\/2026\/04\/Agua-2-768x514.jpg 768w, https:\/\/coopseu.com.ar\/wp\/wp-content\/uploads\/2026\/04\/Agua-2-1536x1028.jpg 1536w, https:\/\/coopseu.com.ar\/wp\/wp-content\/uploads\/2026\/04\/Agua-2-2048x1371.jpg 2048w\" sizes=\"auto, (max-width: 1024px) 100vw, 1024px\" \/><\/figure>\n\n\n\n<figure class=\"wp-block-image size-large\"><img loading=\"lazy\" decoding=\"async\" width=\"1024\" height=\"685\" data-id=\"1402\" src=\"https:\/\/coopseu.com.ar\/wp\/wp-content\/uploads\/2026\/04\/Agua-3-1024x685.jpg\" alt=\"\" class=\"wp-image-1402\" srcset=\"https:\/\/coopseu.com.ar\/wp\/wp-content\/uploads\/2026\/04\/Agua-3-1024x685.jpg 1024w, https:\/\/coopseu.com.ar\/wp\/wp-content\/uploads\/2026\/04\/Agua-3-300x201.jpg 300w, https:\/\/coopseu.com.ar\/wp\/wp-content\/uploads\/2026\/04\/Agua-3-768x514.jpg 768w, https:\/\/coopseu.com.ar\/wp\/wp-content\/uploads\/2026\/04\/Agua-3-1536x1028.jpg 1536w, https:\/\/coopseu.com.ar\/wp\/wp-content\/uploads\/2026\/04\/Agua-3-2048x1371.jpg 2048w\" sizes=\"auto, (max-width: 1024px) 100vw, 1024px\" \/><\/figure>\n\n\n\n<figure class=\"wp-block-image size-large\"><img loading=\"lazy\" decoding=\"async\" width=\"1024\" height=\"685\" data-id=\"1403\" src=\"https:\/\/coopseu.com.ar\/wp\/wp-content\/uploads\/2026\/04\/Agua-4-1024x685.jpg\" alt=\"\" class=\"wp-image-1403\" srcset=\"https:\/\/coopseu.com.ar\/wp\/wp-content\/uploads\/2026\/04\/Agua-4-1024x685.jpg 1024w, https:\/\/coopseu.com.ar\/wp\/wp-content\/uploads\/2026\/04\/Agua-4-300x201.jpg 300w, https:\/\/coopseu.com.ar\/wp\/wp-content\/uploads\/2026\/04\/Agua-4-768x514.jpg 768w, https:\/\/coopseu.com.ar\/wp\/wp-content\/uploads\/2026\/04\/Agua-4-1536x1028.jpg 1536w, https:\/\/coopseu.com.ar\/wp\/wp-content\/uploads\/2026\/04\/Agua-4-2048x1371.jpg 2048w\" sizes=\"auto, (max-width: 1024px) 100vw, 1024px\" \/><\/figure>\n\n\n\n<figure class=\"wp-block-image size-large\"><img loading=\"lazy\" decoding=\"async\" width=\"832\" height=\"541\" data-id=\"1404\" src=\"https:\/\/coopseu.com.ar\/wp\/wp-content\/uploads\/2026\/04\/Agua-6.png\" alt=\"\" class=\"wp-image-1404\" srcset=\"https:\/\/coopseu.com.ar\/wp\/wp-content\/uploads\/2026\/04\/Agua-6.png 832w, https:\/\/coopseu.com.ar\/wp\/wp-content\/uploads\/2026\/04\/Agua-6-300x195.png 300w, https:\/\/coopseu.com.ar\/wp\/wp-content\/uploads\/2026\/04\/Agua-6-768x499.png 768w\" sizes=\"auto, (max-width: 832px) 100vw, 832px\" \/><\/figure>\n\n\n\n<figure class=\"wp-block-image size-large\"><img loading=\"lazy\" decoding=\"async\" width=\"892\" height=\"590\" data-id=\"1405\" src=\"https:\/\/coopseu.com.ar\/wp\/wp-content\/uploads\/2026\/04\/Agua-7.png\" alt=\"\" class=\"wp-image-1405\" srcset=\"https:\/\/coopseu.com.ar\/wp\/wp-content\/uploads\/2026\/04\/Agua-7.png 892w, https:\/\/coopseu.com.ar\/wp\/wp-content\/uploads\/2026\/04\/Agua-7-300x198.png 300w, https:\/\/coopseu.com.ar\/wp\/wp-content\/uploads\/2026\/04\/Agua-7-768x508.png 768w\" sizes=\"auto, (max-width: 892px) 100vw, 892px\" \/><\/figure>\n\n\n\n<figure class=\"wp-block-image size-large\"><img loading=\"lazy\" decoding=\"async\" width=\"866\" height=\"596\" data-id=\"1406\" src=\"https:\/\/coopseu.com.ar\/wp\/wp-content\/uploads\/2026\/04\/Agua-8.png\" alt=\"\" class=\"wp-image-1406\" srcset=\"https:\/\/coopseu.com.ar\/wp\/wp-content\/uploads\/2026\/04\/Agua-8.png 866w, https:\/\/coopseu.com.ar\/wp\/wp-content\/uploads\/2026\/04\/Agua-8-300x206.png 300w, https:\/\/coopseu.com.ar\/wp\/wp-content\/uploads\/2026\/04\/Agua-8-768x529.png 768w\" sizes=\"auto, (max-width: 866px) 100vw, 866px\" \/><\/figure>\n\n\n\n<figure class=\"wp-block-image size-large\"><img loading=\"lazy\" decoding=\"async\" width=\"866\" height=\"609\" data-id=\"1408\" src=\"https:\/\/coopseu.com.ar\/wp\/wp-content\/uploads\/2026\/04\/Agua-9.png\" alt=\"\" class=\"wp-image-1408\" srcset=\"https:\/\/coopseu.com.ar\/wp\/wp-content\/uploads\/2026\/04\/Agua-9.png 866w, https:\/\/coopseu.com.ar\/wp\/wp-content\/uploads\/2026\/04\/Agua-9-300x211.png 300w, https:\/\/coopseu.com.ar\/wp\/wp-content\/uploads\/2026\/04\/Agua-9-768x540.png 768w\" sizes=\"auto, (max-width: 866px) 100vw, 866px\" \/><\/figure>\n\n\n\n<figure class=\"wp-block-image size-large\"><img loading=\"lazy\" decoding=\"async\" width=\"838\" height=\"619\" data-id=\"1409\" src=\"https:\/\/coopseu.com.ar\/wp\/wp-content\/uploads\/2026\/04\/Agua-1.png\" alt=\"\" class=\"wp-image-1409\" srcset=\"https:\/\/coopseu.com.ar\/wp\/wp-content\/uploads\/2026\/04\/Agua-1.png 838w, https:\/\/coopseu.com.ar\/wp\/wp-content\/uploads\/2026\/04\/Agua-1-300x222.png 300w, https:\/\/coopseu.com.ar\/wp\/wp-content\/uploads\/2026\/04\/Agua-1-768x567.png 768w\" sizes=\"auto, (max-width: 838px) 100vw, 838px\" \/><\/figure>\n<\/figure>\n","protected":false},"excerpt":{"rendered":"<p>En 1936 el intendente municipal Dr. Pierangelli Vera construye la primer red de aguajunto con el tanque elevado de la municipalidad, lo cual logr\u00f3 dar servicio a lapoblaci\u00f3n hasta 1985, &#8230;<\/p>\n","protected":false},"author":1,"featured_media":0,"parent":0,"menu_order":0,"comment_status":"closed","ping_status":"closed","template":"","meta":{"footnotes":""},"class_list":["post-1321","page","type-page","status-publish","hentry"],"_links":{"self":[{"href":"https:\/\/coopseu.com.ar\/wp\/wp-json\/wp\/v2\/pages\/1321","targetHints":{"allow":["GET"]}}],"collection":[{"href":"https:\/\/coopseu.com.ar\/wp\/wp-json\/wp\/v2\/pages"}],"about":[{"href":"https:\/\/coopseu.com.ar\/wp\/wp-json\/wp\/v2\/types\/page"}],"author":[{"embeddable":true,"href":"https:\/\/coopseu.com.ar\/wp\/wp-json\/wp\/v2\/users\/1"}],"replies":[{"embeddable":true,"href":"https:\/\/coopseu.com.ar\/wp\/wp-json\/wp\/v2\/comments?post=1321"}],"version-history":[{"count":3,"href":"https:\/\/coopseu.com.ar\/wp\/wp-json\/wp\/v2\/pages\/1321\/revisions"}],"predecessor-version":[{"id":1410,"href":"https:\/\/coopseu.com.ar\/wp\/wp-json\/wp\/v2\/pages\/1321\/revisions\/1410"}],"wp:attachment":[{"href":"https:\/\/coopseu.com.ar\/wp\/wp-json\/wp\/v2\/media?parent=1321"}],"curies":[{"name":"wp","href":"https:\/\/api.w.org\/{rel}","templated":true}]}}